{"id":87,"date":"2014-07-16T09:14:49","date_gmt":"2014-07-16T07:14:49","guid":{"rendered":"http:\/\/www.lehrlingsstiftung.at\/wp\/?page_id=87"},"modified":"2020-09-21T14:02:30","modified_gmt":"2020-09-21T12:02:30","slug":"wohngemeinschaft","status":"publish","type":"page","link":"https:\/\/www.lehrlingsstiftung.at\/wp\/wohngemeinschaft\/","title":{"rendered":"Wohngemeinschaft"},"content":{"rendered":"<p class=\"paragraph_style\" style=\"color: #000000;\">F\u00fcr Jugendliche im Alter von 15 bis 24 Jahren, die in der Lehrlingsstiftung die \u00fcberbetriebliche Lehrausbildung absolvieren oder im Projekt AusbildungsFit untergebracht sind, besteht die M\u00f6glichkeit in die Wohgemeinschaft aufgenommen zu werden. Ein Essens- und Wohnbeitrag ist monatlich zu entrichten. Vor Eintritt findet ein Gespr\u00e4ch statt.<\/p>\n<p class=\"paragraph_style_1\" style=\"font-weight: bold; color: #000000;\">Versorgung<\/p>\n<p class=\"paragraph_style\" style=\"color: #000000;\">Die BewohnerInnen erhalten ein Fr\u00fchst\u00fcck und ein Mittag- oder Abendessen. Zus\u00e4tzlich besteht die M\u00f6glichkeit, sich in der K\u00fcche der WG selbst zu versorgen.<\/p>\n<p class=\"paragraph_style_1\" style=\"font-weight: bold; color: #000000;\">Betreuung<\/p>\n<p class=\"paragraph_style\" style=\"color: #000000;\">Unsere Hauptziele sind die F\u00f6rderung bzw. Erhaltung der Arbeitsf\u00e4higkeit, sowie die lebenspraktische Begleitung durch unsere BetreuerInnen. Die Basis hierf\u00fcr bildet das Vertrauen und Verst\u00e4ndnis zwischen BetreuerInnen und Jugendlichen.<\/p>\n<p class=\"paragraph_style_1\" style=\"font-weight: bold; color: #000000;\">Soziales F\u00f6rdern<\/p>\n<p class=\"paragraph_style\" style=\"color: #000000;\">beinhaltet Hilfestellung beim Umgang mit Pflichten, Aufgaben und Vereinbarungen, St\u00e4rkung sozialer F\u00e4higkeiten in der Gruppe, Problembew\u00e4ltigung, gewaltfreie Kommunikation und Konfliktverhalten, sowie die F\u00f6rderung von Selbst\u00e4ndigkeit.<\/p>\n<p class=\"paragraph_style_1\" style=\"font-weight: bold; color: #000000;\">Lebenspraktisches Lernen<\/p>\n<p class=\"paragraph_style\" style=\"color: #000000;\">umfasst die Mitarbeit bei Versorgung, Raumpflege, Hygiene und Erscheinungsbild, dem selbst\u00e4ndigen Einhalten der Tagesabl\u00e4ufe.<\/p>\n<p class=\"paragraph_style_1\" style=\"font-weight: bold; color: #000000;\">Hausordnung<\/p>\n<p class=\"paragraph_style\" style=\"color: #000000;\">Der Aufenthalt in der Wohngemeinschaft\u00a0 wird durch die Hausordnung geregelt . Diese soll zu einem respektvollem Miteinander f\u00fchren und enth\u00e4lt Rechte, Pflichten, aber auch Ausschlusskriterien.<\/p>\n<p><strong>Freizeitgestaltung<\/strong><\/p>\n<p>soll Spa\u00df machen und\u00a0 Ausgleich zur Arbeit untertags sein.<\/p>\n<p>Dazu dienen uns die R\u00e4ume der Wohngemeinschaft und der Klostergarten mit Freizeitanlage:<\/p>\n<ul>\n<li>Fitnessraum,<\/li>\n<li>Fernsehraum,<\/li>\n<li>Wuzzeln, Dart spielen,<\/li>\n<li>Spielkonsolen,<\/li>\n<li>Computernutzung, WLAN,<\/li>\n<li>oder einfach nur chillen.<\/li>\n<\/ul>\n<p>Sonstige Freizeitangebote:<strong><br \/><\/strong><\/p>\n<ul>\n<li>Sporthalle,<\/li>\n<li>Freibad,<\/li>\n<li>Eislaufplatz,<\/li>\n<li>Kino,<\/li>\n<li>Kaffeehaus,<\/li>\n<li>Ausfl\u00fcge und Spazierg\u00e4nge.<\/li>\n<\/ul>\n\n\n<p><strong>Hier finden Sie einen virtuellen Rundgang durch unsere Wohngemeinschaft<\/strong><\/p>\n\n\n\n<figure class=\"wp-block-embed-youtube aligncenter wp-block-embed is-type-video is-provider-youtube wp-embed-aspect-16-9 wp-has-aspect-ratio\"><div class=\"wp-block-embed__wrapper\">\n<iframe loading=\"lazy\" title=\"Lehrlingsstiftung Eggenburg Wohngemeinschaft\" width=\"604\" height=\"340\" src=\"https:\/\/www.youtube.com\/embed\/-lTRleVisaM?feature=oembed\" frameborder=\"0\" allow=\"accelerometer; autoplay; clipboard-write; encrypted-media; gyroscope; picture-in-picture\" allowfullscreen><\/iframe>\n<\/div><\/figure>\n","protected":false},"excerpt":{"rendered":"<p>F\u00fcr Jugendliche im Alter von 15 bis 24 Jahren, die in der Lehrlingsstiftung die \u00fcberbetriebliche Lehrausbildung absolvieren oder im Projekt AusbildungsFit untergebracht sind, besteht die M\u00f6glichkeit in die Wohgemeinschaft aufgenommen zu werden. Ein Essens- und Wohnbeitrag ist monatlich zu entrichten. Vor Eintritt findet ein Gespr\u00e4ch statt. Versorgung Die BewohnerInnen erhalten ein Fr\u00fchst\u00fcck und ein Mittag- &hellip; <a href=\"https:\/\/www.lehrlingsstiftung.at\/wp\/wohngemeinschaft\/\" class=\"more-link\"><span class=\"screen-reader-text\">Wohngemeinschaft<\/span> weiterlesen <span class=\"meta-nav\">&rarr;<\/span><\/a><\/p>\n","protected":false},"author":1,"featured_media":0,"parent":0,"menu_order":0,"comment_status":"closed","ping_status":"closed","template":"","meta":[],"categories":[9],"tags":[],"_links":{"self":[{"href":"https:\/\/www.lehrlingsstiftung.at\/wp\/wp-json\/wp\/v2\/pages\/87"}],"collection":[{"href":"https:\/\/www.lehrlingsstiftung.at\/wp\/wp-json\/wp\/v2\/pages"}],"about":[{"href":"https:\/\/www.lehrlingsstiftung.at\/wp\/wp-json\/wp\/v2\/types\/page"}],"author":[{"embeddable":true,"href":"https:\/\/www.lehrlingsstiftung.at\/wp\/wp-json\/wp\/v2\/users\/1"}],"replies":[{"embeddable":true,"href":"https:\/\/www.lehrlingsstiftung.at\/wp\/wp-json\/wp\/v2\/comments?post=87"}],"version-history":[{"count":6,"href":"https:\/\/www.lehrlingsstiftung.at\/wp\/wp-json\/wp\/v2\/pages\/87\/revisions"}],"predecessor-version":[{"id":1867,"href":"https:\/\/www.lehrlingsstiftung.at\/wp\/wp-json\/wp\/v2\/pages\/87\/revisions\/1867"}],"wp:attachment":[{"href":"https:\/\/www.lehrlingsstiftung.at\/wp\/wp-json\/wp\/v2\/media?parent=87"}],"wp:term":[{"taxonomy":"category","embeddable":true,"href":"https:\/\/www.lehrlingsstiftung.at\/wp\/wp-json\/wp\/v2\/categories?post=87"},{"taxonomy":"post_tag","embeddable":true,"href":"https:\/\/www.lehrlingsstiftung.at\/wp\/wp-json\/wp\/v2\/tags?post=87"}],"curies":[{"name":"wp","href":"https:\/\/api.w.org\/{rel}","templated":true}]}}